{"id":45,"date":"2026-01-29T12:39:25","date_gmt":"2026-01-29T15:39:25","guid":{"rendered":"https:\/\/emeraldmedicaltourism.com\/?page_id=45"},"modified":"2026-03-03T14:19:27","modified_gmt":"2026-03-03T17:19:27","slug":"quem-somos","status":"publish","type":"page","link":"https:\/\/emeraldmedicaltourism.com\/en\/quem-somos\/","title":{"rendered":"Who we are"},"content":{"rendered":"<div data-elementor-type=\"wp-page\" data-elementor-id=\"45\" class=\"elementor elementor-45\" data-elementor-post-type=\"page\">\n\t\t\t\t<div class=\"elementor-element elementor-element-ebdf984 e-flex e-con-boxed e-con e-parent\" data-id=\"ebdf984\" data-element_type=\"container\" data-e-type=\"container\" data-settings=\"{&quot;background_background&quot;:&quot;classic&quot;}\">\n\t\t\t\t\t<div class=\"e-con-inner\">\n\t\t<div class=\"elementor-element elementor-element-10b666d e-flex e-con-boxed e-con e-child\" data-id=\"10b666d\" data-element_type=\"container\" data-e-type=\"container\">\n\t\t\t\t\t<div class=\"e-con-inner\">\n\t\t\t\t<div class=\"elementor-element elementor-element-8bae37a elementor-widget elementor-widget-heading\" data-id=\"8bae37a\" data-element_type=\"widget\" data-e-type=\"widget\" id=\"banner_2\" data-widget_type=\"heading.default\">\n\t\t\t\t\t<h1 class=\"elementor-heading-title elementor-size-default\">WHO <span style=\"color: #00C97F\">  WE ARE\n<\/span><\/h1>\t\t\t\t<\/div>\n\t\t\t\t<div class=\"elementor-element elementor-element-dd45a1b elementor-widget__width-initial elementor-widget elementor-widget-heading\" data-id=\"dd45a1b\" data-element_type=\"widget\" data-e-type=\"widget\" data-widget_type=\"heading.default\">\n\t\t\t\t\t<h2 class=\"elementor-heading-title elementor-size-default\">Our mission is to simplify and enrich the process of seeking healthcare by connecting our clients to excellent treatments in various locations around the world. We offer a wide range of services that can be fully customized to meet the specific needs of each client.<\/h2>\t\t\t\t<\/div>\n\t\t\t\t\t<\/div>\n\t\t\t\t<\/div>\n\t\t\t\t\t<\/div>\n\t\t\t\t<\/div>\n\t\t<div class=\"elementor-element elementor-element-f4cbb28 e-flex e-con-boxed e-con e-parent\" data-id=\"f4cbb28\" data-element_type=\"container\" data-e-type=\"container\">\n\t\t\t\t\t<div class=\"e-con-inner\">\n\t\t<div class=\"elementor-element elementor-element-5af2c8e e-con-full e-flex e-con e-child\" data-id=\"5af2c8e\" data-element_type=\"container\" data-e-type=\"container\">\n\t\t\t\t<div class=\"elementor-element elementor-element-bfad062 elementor-widget elementor-widget-heading\" data-id=\"bfad062\" data-element_type=\"widget\" data-e-type=\"widget\" data-widget_type=\"heading.default\">\n\t\t\t\t\t<h2 class=\"elementor-heading-title elementor-size-default\">Our tour packages include <\/h2>\t\t\t\t<\/div>\n\t\t<div class=\"elementor-element elementor-element-91a97f0 e-con-full e-flex e-con e-child\" data-id=\"91a97f0\" data-element_type=\"container\" data-e-type=\"container\">\n\t\t<div class=\"elementor-element elementor-element-725ca9d e-con-full e-flex e-con e-child\" data-id=\"725ca9d\" data-element_type=\"container\" data-e-type=\"container\">\n\t\t<div class=\"elementor-element elementor-element-4317985 CardsQmSomos e-flex e-con-boxed e-con e-child\" data-id=\"4317985\" data-element_type=\"container\" data-e-type=\"container\">\n\t\t\t\t\t<div class=\"e-con-inner\">\n\t\t\t\t<div class=\"elementor-element elementor-element-65ed6d6 elementor-widget elementor-widget-image\" data-id=\"65ed6d6\" data-element_type=\"widget\" data-e-type=\"widget\" data-widget_type=\"image.default\">\n\t\t\t\t\t\t\t\t\t\t\t\t\t\t\t<img decoding=\"async\" width=\"55\" height=\"59\" src=\"https:\/\/emeraldmedicaltourism.com\/wp-content\/uploads\/2026\/02\/Imagem_duas_pessoas.webp\" class=\"attachment-large size-large wp-image-720\" alt=\"\" \/>\t\t\t\t\t\t\t\t\t\t\t\t\t\t\t<\/div>\n\t\t\t\t<div class=\"elementor-element elementor-element-00dbfdc elementor-widget elementor-widget-heading\" data-id=\"00dbfdc\" data-element_type=\"widget\" data-e-type=\"widget\" data-widget_type=\"heading.default\">\n\t\t\t\t\t<h2 class=\"elementor-heading-title elementor-size-default\">Connection to Qualified Providers<\/h2>\t\t\t\t<\/div>\n\t\t\t\t<div class=\"elementor-element elementor-element-6fc68ee elementor-widget elementor-widget-text-editor\" data-id=\"6fc68ee\" data-element_type=\"widget\" data-e-type=\"widget\" data-widget_type=\"text-editor.default\">\n\t\t\t\t\t\t\t\t\t<p>We select and promote national and international health and wellness providers, all highly qualified.<\/p>\t\t\t\t\t\t\t\t<\/div>\n\t\t\t\t\t<\/div>\n\t\t\t\t<\/div>\n\t\t<div class=\"elementor-element elementor-element-a1db986 e-con-full CardsQmSomos e-flex e-con e-child\" data-id=\"a1db986\" data-element_type=\"container\" data-e-type=\"container\">\n\t\t\t\t<div class=\"elementor-element elementor-element-a45979e elementor-widget elementor-widget-image\" data-id=\"a45979e\" data-element_type=\"widget\" data-e-type=\"widget\" data-widget_type=\"image.default\">\n\t\t\t\t\t\t\t\t\t\t\t\t\t\t\t<img decoding=\"async\" width=\"62\" height=\"62\" src=\"https:\/\/emeraldmedicaltourism.com\/wp-content\/uploads\/2026\/02\/material_symbols_apartment.webp\" class=\"attachment-large size-large wp-image-722\" alt=\"\" \/>\t\t\t\t\t\t\t\t\t\t\t\t\t\t\t<\/div>\n\t\t\t\t<div class=\"elementor-element elementor-element-7902a8d elementor-widget elementor-widget-heading\" data-id=\"7902a8d\" data-element_type=\"widget\" data-e-type=\"widget\" data-widget_type=\"heading.default\">\n\t\t\t\t\t<h2 class=\"elementor-heading-title elementor-size-default\">Accommodation<\/h2>\t\t\t\t<\/div>\n\t\t\t\t<div class=\"elementor-element elementor-element-166c30a elementor-widget elementor-widget-text-editor\" data-id=\"166c30a\" data-element_type=\"widget\" data-e-type=\"widget\" data-widget_type=\"text-editor.default\">\n\t\t\t\t\t\t\t\t\t<p>We have carefully selected accommodation options that offer comfort and convenience throughout your stay.<\/p>\t\t\t\t\t\t\t\t<\/div>\n\t\t\t\t<\/div>\n\t\t<div class=\"elementor-element elementor-element-54c4ffd e-con-full CardsQmSomos e-flex e-con e-child\" data-id=\"54c4ffd\" data-element_type=\"container\" data-e-type=\"container\">\n\t\t\t\t<div class=\"elementor-element elementor-element-53b8a87 elementor-widget elementor-widget-image\" data-id=\"53b8a87\" data-element_type=\"widget\" data-e-type=\"widget\" data-widget_type=\"image.default\">\n\t\t\t\t\t\t\t\t\t\t\t\t\t\t\t<img decoding=\"async\" width=\"62\" height=\"62\" src=\"https:\/\/emeraldmedicaltourism.com\/wp-content\/uploads\/2026\/02\/prime_car.webp\" class=\"attachment-large size-large wp-image-721\" alt=\"\" \/>\t\t\t\t\t\t\t\t\t\t\t\t\t\t\t<\/div>\n\t\t\t\t<div class=\"elementor-element elementor-element-b2a1fe3 elementor-widget elementor-widget-heading\" data-id=\"b2a1fe3\" data-element_type=\"widget\" data-e-type=\"widget\" data-widget_type=\"heading.default\">\n\t\t\t\t\t<h2 class=\"elementor-heading-title elementor-size-default\">Tourist activities<\/h2>\t\t\t\t<\/div>\n\t\t\t\t<div class=\"elementor-element elementor-element-91ada17 elementor-widget elementor-widget-text-editor\" data-id=\"91ada17\" data-element_type=\"widget\" data-e-type=\"widget\" data-widget_type=\"text-editor.default\">\n\t\t\t\t\t\t\t\t\t<p>Take the opportunity to explore the cultural and natural riches of your destination while taking care of your health.<\/p>\t\t\t\t\t\t\t\t<\/div>\n\t\t\t\t<\/div>\n\t\t\t\t<\/div>\n\t\t<div class=\"elementor-element elementor-element-8348b64 e-con-full e-flex e-con e-child\" data-id=\"8348b64\" data-element_type=\"container\" data-e-type=\"container\">\n\t\t<div class=\"elementor-element elementor-element-129a2f9 e-con-full CardsQmSomos e-flex e-con e-child\" data-id=\"129a2f9\" data-element_type=\"container\" data-e-type=\"container\">\n\t\t\t\t<div class=\"elementor-element elementor-element-c87bac8 elementor-widget elementor-widget-image\" data-id=\"c87bac8\" data-element_type=\"widget\" data-e-type=\"widget\" data-widget_type=\"image.default\">\n\t\t\t\t\t\t\t\t\t\t\t\t\t\t\t<img loading=\"lazy\" decoding=\"async\" width=\"62\" height=\"62\" src=\"https:\/\/emeraldmedicaltourism.com\/wp-content\/uploads\/2026\/02\/lets_icons_road.webp\" class=\"attachment-large size-large wp-image-723\" alt=\"\" \/>\t\t\t\t\t\t\t\t\t\t\t\t\t\t\t<\/div>\n\t\t\t\t<div class=\"elementor-element elementor-element-d2991db elementor-widget elementor-widget-heading\" data-id=\"d2991db\" data-element_type=\"widget\" data-e-type=\"widget\" data-widget_type=\"heading.default\">\n\t\t\t\t\t<h2 class=\"elementor-heading-title elementor-size-default\">Transfer and Logistics<\/h2>\t\t\t\t<\/div>\n\t\t\t\t<div class=\"elementor-element elementor-element-c8be477 elementor-widget elementor-widget-text-editor\" data-id=\"c8be477\" data-element_type=\"widget\" data-e-type=\"widget\" data-widget_type=\"text-editor.default\">\n\t\t\t\t\t\t\t\t\t<p><span style=\"white-space-collapse: preserve;\">We guarantee safe and efficient transportation for a smooth and worry-free travel experience.<\/span><\/p>\t\t\t\t\t\t\t\t<\/div>\n\t\t\t\t<\/div>\n\t\t<div class=\"elementor-element elementor-element-0a8eac2 e-con-full CardsQmSomos e-flex e-con e-child\" data-id=\"0a8eac2\" data-element_type=\"container\" data-e-type=\"container\">\n\t\t\t\t<div class=\"elementor-element elementor-element-f683567 elementor-widget elementor-widget-image\" data-id=\"f683567\" data-element_type=\"widget\" data-e-type=\"widget\" data-widget_type=\"image.default\">\n\t\t\t\t\t\t\t\t\t\t\t\t\t\t\t<img loading=\"lazy\" decoding=\"async\" width=\"62\" height=\"62\" src=\"https:\/\/emeraldmedicaltourism.com\/wp-content\/uploads\/2026\/02\/material_symbols_concierge_outline_rounded.webp\" class=\"attachment-large size-large wp-image-724\" alt=\"\" \/>\t\t\t\t\t\t\t\t\t\t\t\t\t\t\t<\/div>\n\t\t\t\t<div class=\"elementor-element elementor-element-2d03a77 elementor-widget elementor-widget-heading\" data-id=\"2d03a77\" data-element_type=\"widget\" data-e-type=\"widget\" data-widget_type=\"heading.default\">\n\t\t\t\t\t<h2 class=\"elementor-heading-title elementor-size-default\">Concierge service<\/h2>\t\t\t\t<\/div>\n\t\t\t\t<div class=\"elementor-element elementor-element-af8b751 elementor-widget elementor-widget-text-editor\" data-id=\"af8b751\" data-element_type=\"widget\" data-e-type=\"widget\" data-widget_type=\"text-editor.default\">\n\t\t\t\t\t\t\t\t\t<p>Personalized service: we plan your itinerary, help with visas, insurance, consultations and support during your trip<\/p>\t\t\t\t\t\t\t\t<\/div>\n\t\t\t\t<\/div>\n\t\t\t\t<\/div>\n\t\t\t\t<\/div>\n\t\t\t\t<\/div>\n\t\t\t\t\t<\/div>\n\t\t\t\t<\/div>\n\t\t<div class=\"elementor-element elementor-element-e273cbe e-flex e-con-boxed e-con e-parent\" data-id=\"e273cbe\" data-element_type=\"container\" data-e-type=\"container\">\n\t\t\t\t\t<div class=\"e-con-inner\">\n\t\t<div class=\"elementor-element elementor-element-59714e3 e-con-full e-flex e-con e-child\" data-id=\"59714e3\" data-element_type=\"container\" data-e-type=\"container\" data-settings=\"{&quot;background_background&quot;:&quot;classic&quot;}\">\n\t\t\t\t<div class=\"elementor-element elementor-element-6624622 elementor-widget elementor-widget-text-editor\" data-id=\"6624622\" data-element_type=\"widget\" data-e-type=\"widget\" data-widget_type=\"text-editor.default\">\n\t\t\t\t\t\t\t\t\t<p>FOUNDERS<\/p>\t\t\t\t\t\t\t\t<\/div>\n\t\t\t\t<div class=\"elementor-element elementor-element-1e7df4f elementor-widget-mobile__width-inherit elementor-widget-laptop__width-initial elementor-widget-tablet__width-initial elementor-widget__width-initial elementor-widget elementor-widget-heading\" data-id=\"1e7df4f\" data-element_type=\"widget\" data-e-type=\"widget\" data-widget_type=\"heading.default\">\n\t\t\t\t\t<h2 class=\"elementor-heading-title elementor-size-default\">Julliana Carame Estefan Ferreira<\/h2>\t\t\t\t<\/div>\n\t\t\t\t<div class=\"elementor-element elementor-element-b08d786 elementor-widget__width-initial elementor-widget-tablet__width-initial elementor-widget-mobile__width-inherit elementor-widget elementor-widget-text-editor\" data-id=\"b08d786\" data-element_type=\"widget\" data-e-type=\"widget\" data-widget_type=\"text-editor.default\">\n\t\t\t\t\t\t\t\t\t<p>Founder and Co-CEO, with a degree in Business Administration and a post-graduate degree in Financial Management from the Getulio Vargas Foundation. With a solid career in large consulting firms (BIG 4), Julliana has extensive experience in the financial, insurance and health sectors. Her keen interest in the healthcare market motivated her to look for ways to expand access to global treatments, overcoming geographical limitations. She is the first Brazilian woman to obtain the \u201cCertified Medical Travel Professional\u201d certification from Global Health Accreditation.<\/p>\t\t\t\t\t\t\t\t<\/div>\n\t\t\t\t<\/div>\n\t\t<div class=\"elementor-element elementor-element-68b6e26 e-con-full e-flex e-con e-child\" data-id=\"68b6e26\" data-element_type=\"container\" data-e-type=\"container\" data-settings=\"{&quot;background_background&quot;:&quot;classic&quot;}\">\n\t\t\t\t<div class=\"elementor-element elementor-element-f1c482d elementor-widget elementor-widget-text-editor\" data-id=\"f1c482d\" data-element_type=\"widget\" data-e-type=\"widget\" data-widget_type=\"text-editor.default\">\n\t\t\t\t\t\t\t\t\t<p>FOUNDERS<\/p>\t\t\t\t\t\t\t\t<\/div>\n\t\t\t\t<div class=\"elementor-element elementor-element-a978dfb elementor-widget-mobile__width-inherit elementor-widget-laptop__width-initial elementor-widget-tablet__width-initial elementor-widget elementor-widget-heading\" data-id=\"a978dfb\" data-element_type=\"widget\" data-e-type=\"widget\" data-widget_type=\"heading.default\">\n\t\t\t\t\t<h2 class=\"elementor-heading-title elementor-size-default\">Andr\u00e9 Carame Helito<\/h2>\t\t\t\t<\/div>\n\t\t\t\t<div class=\"elementor-element elementor-element-6cb8857 elementor-widget__width-initial elementor-widget-tablet__width-initial elementor-widget-mobile__width-inherit elementor-widget elementor-widget-text-editor\" data-id=\"6cb8857\" data-element_type=\"widget\" data-e-type=\"widget\" data-widget_type=\"text-editor.default\">\n\t\t\t\t\t\t\t\t\t<p>Founder and Co-CEO, graduated in Business Administration from Escola Superior de Propaganda e Marketing, with a postgraduate degree in Master in Business Management, focused on Entrepreneurship and Innovation from Insper. With experience in the commercial area of technology companies, since 2021 Andr\u00e9 has dedicated himself to the consumer goods sector, bringing innovation and an entrepreneurial vision to Emerald.<\/p>\t\t\t\t\t\t\t\t<\/div>\n\t\t\t\t<\/div>\n\t\t\t\t\t<\/div>\n\t\t\t\t<\/div>\n\t\t<div class=\"elementor-element elementor-element-19e19ec e-flex e-con-boxed e-con e-parent\" data-id=\"19e19ec\" data-element_type=\"container\" data-e-type=\"container\" data-settings=\"{&quot;background_background&quot;:&quot;classic&quot;}\">\n\t\t\t\t\t<div class=\"e-con-inner\">\n\t\t<div class=\"elementor-element elementor-element-b5851ce e-con-full e-flex e-con e-child\" data-id=\"b5851ce\" data-element_type=\"container\" data-e-type=\"container\">\n\t\t\t\t<\/div>\n\t\t<div class=\"elementor-element elementor-element-0f11239 e-con-full e-flex e-con e-child\" data-id=\"0f11239\" data-element_type=\"container\" data-e-type=\"container\">\n\t\t\t\t<div class=\"elementor-element elementor-element-f497c16 elementor-widget elementor-widget-heading\" data-id=\"f497c16\" data-element_type=\"widget\" data-e-type=\"widget\" data-widget_type=\"heading.default\">\n\t\t\t\t\t<h2 class=\"elementor-heading-title elementor-size-default\">Our History<\/h2>\t\t\t\t<\/div>\n\t\t\t\t<div class=\"elementor-element elementor-element-664b63c elementor-widget__width-initial elementor-widget elementor-widget-text-editor\" data-id=\"664b63c\" data-element_type=\"widget\" data-e-type=\"widget\" data-widget_type=\"text-editor.default\">\n\t\t\t\t\t\t\t\t\t<p>Emerald was born with the mission of reducing distances in healthcare by making global treatments accessible to everyone, regardless of geographical boundaries. We believe that health is a unique and personal journey, and we are committed to making it more accessible, comfortable and rewarding for all our clients.<br \/>Our team is made up of experienced and dedicated professionals who share a passion for offering high-quality services and personalized care. Since the beginning, we have strived to be the bridge between clients and excellent medical and wellness treatments, with peace of mind and confidence.<\/p>\t\t\t\t\t\t\t\t<\/div>\n\t\t\t\t<\/div>\n\t\t\t\t\t<\/div>\n\t\t\t\t<\/div>\n\t\t<div class=\"elementor-element elementor-element-451f15c e-flex e-con-boxed e-con e-parent\" data-id=\"451f15c\" data-element_type=\"container\" data-e-type=\"container\">\n\t\t\t\t\t<div class=\"e-con-inner\">\n\t\t<div class=\"elementor-element elementor-element-a4e896e e-con-full e-flex e-con e-child\" data-id=\"a4e896e\" data-element_type=\"container\" data-e-type=\"container\" data-settings=\"{&quot;background_background&quot;:&quot;classic&quot;}\">\n\t\t<div class=\"elementor-element elementor-element-8d3a805 e-con-full e-flex e-con e-child\" data-id=\"8d3a805\" data-element_type=\"container\" data-e-type=\"container\">\n\t\t<div class=\"elementor-element elementor-element-68c19d0 e-con-full e-flex e-con e-child\" data-id=\"68c19d0\" data-element_type=\"container\" data-e-type=\"container\">\n\t\t\t\t<div class=\"elementor-element elementor-element-ee1b253 elementor-widget__width-initial elementor-widget elementor-widget-image-box\" data-id=\"ee1b253\" data-element_type=\"widget\" data-e-type=\"widget\" data-widget_type=\"image-box.default\">\n\t\t\t\t\t<div class=\"elementor-image-box-wrapper\"><div class=\"elementor-image-box-content\"><h3 class=\"elementor-image-box-title\">Join our partner network<\/h3><p class=\"elementor-image-box-description\">If you are a doctor, or represent a clinic or hospital committed to excellence, and wish to expand your reach and impact in medical tourism, we invite you to join the Emerald Medical Tourism Network.<\/p><\/div><\/div>\t\t\t\t<\/div>\n\t\t\t\t<div class=\"elementor-element elementor-element-e2348ac elementor-widget elementor-widget-button\" data-id=\"e2348ac\" data-element_type=\"widget\" data-e-type=\"widget\" data-widget_type=\"button.default\">\n\t\t\t\t\t\t\t\t\t\t<a class=\"elementor-button elementor-button-link elementor-size-sm\" href=\"https:\/\/emeraldmedicaltourism.com\/en\/seja-um-parceiro\/\">\n\t\t\t\t\t\t<span class=\"elementor-button-content-wrapper\">\n\t\t\t\t\t\t\t\t\t<span class=\"elementor-button-text\">Read more<\/span>\n\t\t\t\t\t<\/span>\n\t\t\t\t\t<\/a>\n\t\t\t\t\t\t\t\t<\/div>\n\t\t\t\t<\/div>\n\t\t<div class=\"elementor-element elementor-element-25d4336 e-con-full e-flex e-con e-child\" data-id=\"25d4336\" data-element_type=\"container\" data-e-type=\"container\">\n\t\t\t\t<\/div>\n\t\t\t\t<\/div>\n\t\t\t\t<\/div>\n\t\t\t\t\t<\/div>\n\t\t\t\t<\/div>\n\t\t\t\t<\/div>","protected":false},"excerpt":{"rendered":"<p>QUEM SOMOS Nossa miss\u00e3o \u00e9 simplificar e enriquecer o processo de busca por cuidados de sa\u00fade, conectando nossos clientes a tratamentos de excel\u00eancia em diversos locais ao redor do mundo. Oferecemos uma ampla gama de servi\u00e7os que podem ser totalmente personalizados para atender \u00e0s necessidades espec\u00edficas de cada cliente. Nossos pacotes de turismo incluem Conex\u00e3o [&hellip;]<\/p>\n","protected":false},"author":1,"featured_media":0,"parent":0,"menu_order":0,"comment_status":"closed","ping_status":"closed","template":"elementor_header_footer","meta":{"_acf_changed":false,"_joinchat":[],"footnotes":""},"class_list":["post-45","page","type-page","status-publish","hentry"],"acf":[],"_links":{"self":[{"href":"https:\/\/emeraldmedicaltourism.com\/en\/wp-json\/wp\/v2\/pages\/45","targetHints":{"allow":["GET"]}}],"collection":[{"href":"https:\/\/emeraldmedicaltourism.com\/en\/wp-json\/wp\/v2\/pages"}],"about":[{"href":"https:\/\/emeraldmedicaltourism.com\/en\/wp-json\/wp\/v2\/types\/page"}],"author":[{"embeddable":true,"href":"https:\/\/emeraldmedicaltourism.com\/en\/wp-json\/wp\/v2\/users\/1"}],"replies":[{"embeddable":true,"href":"https:\/\/emeraldmedicaltourism.com\/en\/wp-json\/wp\/v2\/comments?post=45"}],"version-history":[{"count":230,"href":"https:\/\/emeraldmedicaltourism.com\/en\/wp-json\/wp\/v2\/pages\/45\/revisions"}],"predecessor-version":[{"id":2414,"href":"https:\/\/emeraldmedicaltourism.com\/en\/wp-json\/wp\/v2\/pages\/45\/revisions\/2414"}],"wp:attachment":[{"href":"https:\/\/emeraldmedicaltourism.com\/en\/wp-json\/wp\/v2\/media?parent=45"}],"curies":[{"name":"wp","href":"https:\/\/api.w.org\/{rel}","templated":true}]}}