{"id":60,"date":"2026-01-29T14:01:18","date_gmt":"2026-01-29T17:01:18","guid":{"rendered":"https:\/\/emeraldmedicaltourism.com\/?page_id=60"},"modified":"2026-03-18T14:37:05","modified_gmt":"2026-03-18T17:37:05","slug":"why-brazil","status":"publish","type":"page","link":"https:\/\/emeraldmedicaltourism.com\/en\/why-brazil\/","title":{"rendered":"Why Brazil"},"content":{"rendered":"<div data-elementor-type=\"wp-page\" data-elementor-id=\"60\" class=\"elementor elementor-60\" data-elementor-post-type=\"page\">\n\t\t\t\t<div class=\"elementor-element elementor-element-67cb27c e-flex e-con-boxed e-con e-parent\" data-id=\"67cb27c\" data-element_type=\"container\" data-e-type=\"container\" data-settings=\"{&quot;background_background&quot;:&quot;classic&quot;}\">\n\t\t\t\t\t<div class=\"e-con-inner\">\n\t\t\t\t\t<\/div>\n\t\t\t\t<\/div>\n\t\t<div class=\"elementor-element elementor-element-45a4a75 e-flex e-con-boxed e-con e-parent\" data-id=\"45a4a75\" data-element_type=\"container\" data-e-type=\"container\">\n\t\t\t\t\t<div class=\"e-con-inner\">\n\t\t\t\t<div class=\"elementor-element elementor-element-136c2d1 elementor-widget__width-initial elementor-widget elementor-widget-heading\" data-id=\"136c2d1\" data-element_type=\"widget\" data-e-type=\"widget\" data-widget_type=\"heading.default\">\n\t\t\t\t\t<h1 class=\"elementor-heading-title elementor-size-default\">Why is Brazil a leading destination for Medical Tourism<\/h1>\t\t\t\t<\/div>\n\t\t\t\t<div class=\"elementor-element elementor-element-836304e elementor-widget elementor-widget-text-editor\" data-id=\"836304e\" data-element_type=\"widget\" data-e-type=\"widget\" data-widget_type=\"text-editor.default\">\n\t\t\t\t\t\t\t\t\t<p>Brazil has become one of the most attractive destinations for medical tourism worldwide, combining competitive costs, world-class healthcare quality, and broad treatment availability \u2014 all supported by highly qualified medical professionals and modern hospital infrastructure.<\/p>\t\t\t\t\t\t\t\t<\/div>\n\t\t\t\t\t<\/div>\n\t\t\t\t<\/div>\n\t\t<div class=\"elementor-element elementor-element-46cc05b e-flex e-con-boxed e-con e-parent\" data-id=\"46cc05b\" data-element_type=\"container\" data-e-type=\"container\">\n\t\t\t\t\t<div class=\"e-con-inner\">\n\t\t<div class=\"elementor-element elementor-element-0ad314d e-con-full e-flex e-con e-child\" data-id=\"0ad314d\" data-element_type=\"container\" data-e-type=\"container\">\n\t\t\t\t<div class=\"elementor-element elementor-element-800d542 elementor-widget elementor-widget-heading\" data-id=\"800d542\" data-element_type=\"widget\" data-e-type=\"widget\" data-widget_type=\"heading.default\">\n\t\t\t\t\t<h2 class=\"elementor-heading-title elementor-size-default\">1. Excellent Cost -                                                                Benefit Ratio<\/h2>\t\t\t\t<\/div>\n\t\t\t\t<div class=\"elementor-element elementor-element-7894595 elementor-widget elementor-widget-text-editor\" data-id=\"7894595\" data-element_type=\"widget\" data-e-type=\"widget\" data-widget_type=\"text-editor.default\">\n\t\t\t\t\t\t\t\t\t<p><span dir=\"auto\">One of the main drivers of global medical tourism is cost \u2013 and Brazil stands out for its exceptional cost-benefit ratio.<\/span><br \/><span dir=\"auto\">Thanks to favorable exchange rates, a highly competitive private healthcare market, and efficient healthcare systems, patients often find that treatments in Brazil can cost significantly less than in the US or Europe, without compromising quality or safety.<\/span>.<\/p>\t\t\t\t\t\t\t\t<\/div>\n\t\t\t\t<\/div>\n\t\t<div class=\"elementor-element elementor-element-8bef570 e-con-full e-flex e-con e-child\" data-id=\"8bef570\" data-element_type=\"container\" data-e-type=\"container\">\n\t\t\t\t<div class=\"elementor-element elementor-element-3cbf485 elementor-widget elementor-widget-image\" data-id=\"3cbf485\" data-element_type=\"widget\" data-e-type=\"widget\" data-widget_type=\"image.default\">\n\t\t\t\t\t\t\t\t\t\t\t\t\t\t\t<img fetchpriority=\"high\" decoding=\"async\" width=\"654\" height=\"600\" src=\"https:\/\/emeraldmedicaltourism.com\/wp-content\/uploads\/2026\/02\/imagem-porquinho.webp\" class=\"attachment-full size-full wp-image-1159\" alt=\"\" srcset=\"https:\/\/emeraldmedicaltourism.com\/wp-content\/uploads\/2026\/02\/imagem-porquinho.webp 654w, https:\/\/emeraldmedicaltourism.com\/wp-content\/uploads\/2026\/02\/imagem-porquinho-300x275.webp 300w\" sizes=\"(max-width: 654px) 100vw, 654px\" \/>\t\t\t\t\t\t\t\t\t\t\t\t\t\t\t<\/div>\n\t\t\t\t<\/div>\n\t\t\t\t\t<\/div>\n\t\t\t\t<\/div>\n\t\t<div class=\"elementor-element elementor-element-64ebeb8 e-flex e-con-boxed e-con e-parent\" data-id=\"64ebeb8\" data-element_type=\"container\" data-e-type=\"container\">\n\t\t\t\t\t<div class=\"e-con-inner\">\n\t\t<div class=\"elementor-element elementor-element-4d3ad76 e-con-full e-flex e-con e-child\" data-id=\"4d3ad76\" data-element_type=\"container\" data-e-type=\"container\">\n\t\t\t\t<div class=\"elementor-element elementor-element-6069acd elementor-widget elementor-widget-heading\" data-id=\"6069acd\" data-element_type=\"widget\" data-e-type=\"widget\" data-widget_type=\"heading.default\">\n\t\t\t\t\t<h2 class=\"elementor-heading-title elementor-size-default\">2.\u00a0World-Class\u00a0Quality\u00a0\n&amp;\u00a0Medical\u00a0Excellence<\/h2>\t\t\t\t<\/div>\n\t\t\t\t<div class=\"elementor-element elementor-element-4b08ae1 elementor-widget elementor-widget-text-editor\" data-id=\"4b08ae1\" data-element_type=\"widget\" data-e-type=\"widget\" data-widget_type=\"text-editor.default\">\n\t\t\t\t\t\t\t\t\t<p><span dir=\"auto\">Brazil is internationally recognized for the high quality of its healthcare professionals and hospitals, especially in major cities like S\u00e3o Paulo.<\/span><br \/><br \/><span dir=\"auto\">Doctors are highly specialized, many trained internationally, and frequently lecture and train professionals worldwide. Hospitals are equipped with cutting-edge technology and follow strict medical protocols and international standards.<\/span><\/p>\t\t\t\t\t\t\t\t<\/div>\n\t\t\t\t<\/div>\n\t\t<div class=\"elementor-element elementor-element-9b38509 e-con-full e-flex e-con e-child\" data-id=\"9b38509\" data-element_type=\"container\" data-e-type=\"container\">\n\t\t\t\t<div class=\"elementor-element elementor-element-a5718cf elementor-widget elementor-widget-image\" data-id=\"a5718cf\" data-element_type=\"widget\" data-e-type=\"widget\" data-widget_type=\"image.default\">\n\t\t\t\t\t\t\t\t\t\t\t\t\t\t\t<img decoding=\"async\" width=\"655\" height=\"600\" src=\"https:\/\/emeraldmedicaltourism.com\/wp-content\/uploads\/2026\/02\/imagem_2_whyBrazil.webp\" class=\"attachment-full size-full wp-image-1164\" alt=\"\" srcset=\"https:\/\/emeraldmedicaltourism.com\/wp-content\/uploads\/2026\/02\/imagem_2_whyBrazil.webp 655w, https:\/\/emeraldmedicaltourism.com\/wp-content\/uploads\/2026\/02\/imagem_2_whyBrazil-300x275.webp 300w\" sizes=\"(max-width: 655px) 100vw, 655px\" \/>\t\t\t\t\t\t\t\t\t\t\t\t\t\t\t<\/div>\n\t\t\t\t<\/div>\n\t\t\t\t\t<\/div>\n\t\t\t\t<\/div>\n\t\t<div class=\"elementor-element elementor-element-fa3edd3 e-flex e-con-boxed e-con e-parent\" data-id=\"fa3edd3\" data-element_type=\"container\" data-e-type=\"container\">\n\t\t\t\t\t<div class=\"e-con-inner\">\n\t\t<div class=\"elementor-element elementor-element-b76effe e-con-full e-flex e-con e-child\" data-id=\"b76effe\" data-element_type=\"container\" data-e-type=\"container\">\n\t\t\t\t<div class=\"elementor-element elementor-element-f578146 elementor-widget elementor-widget-heading\" data-id=\"f578146\" data-element_type=\"widget\" data-e-type=\"widget\" data-widget_type=\"heading.default\">\n\t\t\t\t\t<h2 class=\"elementor-heading-title elementor-size-default\">3.\u00a0Wide\u00a0Availability\u00a0of\u00a0 Specialties\u00a0&amp;\u00a0Treatments<\/h2>\t\t\t\t<\/div>\n\t\t\t\t<div class=\"elementor-element elementor-element-c67bc90 elementor-widget elementor-widget-text-editor\" data-id=\"c67bc90\" data-element_type=\"widget\" data-e-type=\"widget\" data-widget_type=\"text-editor.default\">\n\t\t\t\t\t\t\t\t\t<p><span dir=\"auto\">Brazil offers an extensive range of medical services, from preventive care to high-complexity treatments, including check-ups, aesthetic and reconstructive surgery, dentistry, orthopedics, rehabilitation, cardiology, oncology, neurology, and advanced surgical procedures.<\/span><br \/><br \/><span dir=\"auto\">Brazil &amp; S\u00e3o Paulo: A Medical Hub in Latin America<\/span><br \/><span dir=\"auto\">S\u00e3o Paulo is considered the medical capital of Latin America, concentrating reference hospitals, renowned specialists across all medical fields, international access, and a strong healthcare ecosystem.<\/span><\/p>\t\t\t\t\t\t\t\t<\/div>\n\t\t\t\t<\/div>\n\t\t<div class=\"elementor-element elementor-element-708fb7b e-con-full e-flex e-con e-child\" data-id=\"708fb7b\" data-element_type=\"container\" data-e-type=\"container\">\n\t\t\t\t<div class=\"elementor-element elementor-element-c49ed12 elementor-widget elementor-widget-image\" data-id=\"c49ed12\" data-element_type=\"widget\" data-e-type=\"widget\" data-widget_type=\"image.default\">\n\t\t\t\t\t\t\t\t\t\t\t\t\t\t\t<img decoding=\"async\" width=\"655\" height=\"600\" src=\"https:\/\/emeraldmedicaltourism.com\/wp-content\/uploads\/2026\/02\/imagem_3WhyBrazil.webp\" class=\"attachment-full size-full wp-image-1168\" alt=\"\" srcset=\"https:\/\/emeraldmedicaltourism.com\/wp-content\/uploads\/2026\/02\/imagem_3WhyBrazil.webp 655w, https:\/\/emeraldmedicaltourism.com\/wp-content\/uploads\/2026\/02\/imagem_3WhyBrazil-300x275.webp 300w\" sizes=\"(max-width: 655px) 100vw, 655px\" \/>\t\t\t\t\t\t\t\t\t\t\t\t\t\t\t<\/div>\n\t\t\t\t<\/div>\n\t\t\t\t\t<\/div>\n\t\t\t\t<\/div>\n\t\t<div class=\"elementor-element elementor-element-7a1c136 e-flex e-con-boxed e-con e-parent\" data-id=\"7a1c136\" data-element_type=\"container\" data-e-type=\"container\" data-settings=\"{&quot;background_background&quot;:&quot;classic&quot;}\">\n\t\t\t\t\t<div class=\"e-con-inner\">\n\t\t<div class=\"elementor-element elementor-element-28dd6bf e-con-full e-flex e-con e-child\" data-id=\"28dd6bf\" data-element_type=\"container\" data-e-type=\"container\" data-settings=\"{&quot;background_background&quot;:&quot;classic&quot;}\">\n\t\t<div class=\"elementor-element elementor-element-95d36fc e-con-full e-flex e-con e-child\" data-id=\"95d36fc\" data-element_type=\"container\" data-e-type=\"container\" data-settings=\"{&quot;background_background&quot;:&quot;classic&quot;}\">\n\t\t<div class=\"elementor-element elementor-element-2427306 e-con-full e-flex e-con e-child\" data-id=\"2427306\" data-element_type=\"container\" data-e-type=\"container\" data-settings=\"{&quot;background_background&quot;:&quot;classic&quot;}\">\n\t\t\t\t<div class=\"elementor-element elementor-element-81a5eba elementor-widget__width-inherit elementor-widget elementor-widget-image-box\" data-id=\"81a5eba\" data-element_type=\"widget\" data-e-type=\"widget\" data-widget_type=\"image-box.default\">\n\t\t\t\t\t<div class=\"elementor-image-box-wrapper\"><div class=\"elementor-image-box-content\"><h3 class=\"elementor-image-box-title\">How Emerald Medical Tourism Supports Your Journey<\/h3><p class=\"elementor-image-box-description\">Emerald Medical Tourism connects international patients with trusted doctors, clinics, and hospitals, offering personalized medical planning and full logistical support so patients can focus on their health and recovery.<\/p><\/div><\/div>\t\t\t\t<\/div>\n\t\t\t\t<div class=\"elementor-element elementor-element-f89c14b elementor-widget elementor-widget-button\" data-id=\"f89c14b\" data-element_type=\"widget\" data-e-type=\"widget\" data-widget_type=\"button.default\">\n\t\t\t\t\t\t\t\t\t\t<a class=\"elementor-button elementor-button-link elementor-size-sm\" href=\"https:\/\/emeraldmedicaltourism.com\/en\/Contato\/\">\n\t\t\t\t\t\t<span class=\"elementor-button-content-wrapper\">\n\t\t\t\t\t\t\t\t\t<span class=\"elementor-button-text\">Contact us<\/span>\n\t\t\t\t\t<\/span>\n\t\t\t\t\t<\/a>\n\t\t\t\t\t\t\t\t<\/div>\n\t\t\t\t<\/div>\n\t\t<div class=\"elementor-element elementor-element-a6134f9 e-con-full e-flex e-con e-child\" data-id=\"a6134f9\" data-element_type=\"container\" data-e-type=\"container\" data-settings=\"{&quot;background_background&quot;:&quot;classic&quot;}\">\n\t\t\t\t<\/div>\n\t\t\t\t<\/div>\n\t\t\t\t<\/div>\n\t\t\t\t\t<\/div>\n\t\t\t\t<\/div>\n\t\t\t\t<\/div>","protected":false},"excerpt":{"rendered":"<p>Por que o Brasil \u00e9 um dos principais destinos para o turismo m\u00e9dico? O Brasil se tornou um dos destinos mais atraentes para o turismo m\u00e9dico em todo o mundo, combinando custos competitivos, qualidade de assist\u00eancia m\u00e9dica de classe mundial e ampla disponibilidade de tratamentos &#8211; tudo isso com o suporte de profissionais m\u00e9dicos altamente [&hellip;]<\/p>\n","protected":false},"author":1,"featured_media":0,"parent":0,"menu_order":0,"comment_status":"closed","ping_status":"closed","template":"elementor_header_footer","meta":{"_acf_changed":false,"_joinchat":[],"footnotes":""},"class_list":["post-60","page","type-page","status-publish","hentry"],"acf":[],"_links":{"self":[{"href":"https:\/\/emeraldmedicaltourism.com\/en\/wp-json\/wp\/v2\/pages\/60","targetHints":{"allow":["GET"]}}],"collection":[{"href":"https:\/\/emeraldmedicaltourism.com\/en\/wp-json\/wp\/v2\/pages"}],"about":[{"href":"https:\/\/emeraldmedicaltourism.com\/en\/wp-json\/wp\/v2\/types\/page"}],"author":[{"embeddable":true,"href":"https:\/\/emeraldmedicaltourism.com\/en\/wp-json\/wp\/v2\/users\/1"}],"replies":[{"embeddable":true,"href":"https:\/\/emeraldmedicaltourism.com\/en\/wp-json\/wp\/v2\/comments?post=60"}],"version-history":[{"count":91,"href":"https:\/\/emeraldmedicaltourism.com\/en\/wp-json\/wp\/v2\/pages\/60\/revisions"}],"predecessor-version":[{"id":2917,"href":"https:\/\/emeraldmedicaltourism.com\/en\/wp-json\/wp\/v2\/pages\/60\/revisions\/2917"}],"wp:attachment":[{"href":"https:\/\/emeraldmedicaltourism.com\/en\/wp-json\/wp\/v2\/media?parent=60"}],"curies":[{"name":"wp","href":"https:\/\/api.w.org\/{rel}","templated":true}]}}