{"id":45,"date":"2026-01-29T12:39:25","date_gmt":"2026-01-29T15:39:25","guid":{"rendered":"https:\/\/emeraldmedicaltourism.com\/?page_id=45"},"modified":"2026-03-03T14:19:27","modified_gmt":"2026-03-03T17:19:27","slug":"quem-somos","status":"publish","type":"page","link":"https:\/\/emeraldmedicaltourism.com\/es\/quem-somos\/","title":{"rendered":"Qui\u00e9nes somos"},"content":{"rendered":"<div data-elementor-type=\"wp-page\" data-elementor-id=\"45\" class=\"elementor elementor-45\" data-elementor-post-type=\"page\">\n\t\t\t\t<div class=\"elementor-element elementor-element-ebdf984 e-flex e-con-boxed e-con e-parent\" data-id=\"ebdf984\" data-element_type=\"container\" data-e-type=\"container\" data-settings=\"{&quot;background_background&quot;:&quot;classic&quot;}\">\n\t\t\t\t\t<div class=\"e-con-inner\">\n\t\t<div class=\"elementor-element elementor-element-10b666d e-flex e-con-boxed e-con e-child\" data-id=\"10b666d\" data-element_type=\"container\" data-e-type=\"container\">\n\t\t\t\t\t<div class=\"e-con-inner\">\n\t\t\t\t<div class=\"elementor-element elementor-element-8bae37a elementor-widget elementor-widget-heading\" data-id=\"8bae37a\" data-element_type=\"widget\" data-e-type=\"widget\" id=\"banner_2\" data-widget_type=\"heading.default\">\n\t\t\t\t\t<h1 class=\"elementor-heading-title elementor-size-default\">OMS <span style=\"color: #00C97F\">  SOMOS\n<\/span><\/h1>\t\t\t\t<\/div>\n\t\t\t\t<div class=\"elementor-element elementor-element-dd45a1b elementor-widget__width-initial elementor-widget elementor-widget-heading\" data-id=\"dd45a1b\" data-element_type=\"widget\" data-e-type=\"widget\" data-widget_type=\"heading.default\">\n\t\t\t\t\t<h2 class=\"elementor-heading-title elementor-size-default\">Nuestra misi\u00f3n es simplificar y enriquecer el proceso de b\u00fasqueda de asistencia sanitaria conectando a nuestros clientes con tratamientos excelentes en diversos lugares del mundo. Ofrecemos una amplia gama de servicios totalmente personalizables para satisfacer las necesidades espec\u00edficas de cada cliente.<\/h2>\t\t\t\t<\/div>\n\t\t\t\t\t<\/div>\n\t\t\t\t<\/div>\n\t\t\t\t\t<\/div>\n\t\t\t\t<\/div>\n\t\t<div class=\"elementor-element elementor-element-f4cbb28 e-flex e-con-boxed e-con e-parent\" data-id=\"f4cbb28\" data-element_type=\"container\" data-e-type=\"container\">\n\t\t\t\t\t<div class=\"e-con-inner\">\n\t\t<div class=\"elementor-element elementor-element-5af2c8e e-con-full e-flex e-con e-child\" data-id=\"5af2c8e\" data-element_type=\"container\" data-e-type=\"container\">\n\t\t\t\t<div class=\"elementor-element elementor-element-bfad062 elementor-widget elementor-widget-heading\" data-id=\"bfad062\" data-element_type=\"widget\" data-e-type=\"widget\" data-widget_type=\"heading.default\">\n\t\t\t\t\t<h2 class=\"elementor-heading-title elementor-size-default\">Nuestros paquetes tur\u00edsticos incluyen <\/h2>\t\t\t\t<\/div>\n\t\t<div class=\"elementor-element elementor-element-91a97f0 e-con-full e-flex e-con e-child\" data-id=\"91a97f0\" data-element_type=\"container\" data-e-type=\"container\">\n\t\t<div class=\"elementor-element elementor-element-725ca9d e-con-full e-flex e-con e-child\" data-id=\"725ca9d\" data-element_type=\"container\" data-e-type=\"container\">\n\t\t<div class=\"elementor-element elementor-element-4317985 CardsQmSomos e-flex e-con-boxed e-con e-child\" data-id=\"4317985\" data-element_type=\"container\" data-e-type=\"container\">\n\t\t\t\t\t<div class=\"e-con-inner\">\n\t\t\t\t<div class=\"elementor-element elementor-element-65ed6d6 elementor-widget elementor-widget-image\" data-id=\"65ed6d6\" data-element_type=\"widget\" data-e-type=\"widget\" data-widget_type=\"image.default\">\n\t\t\t\t\t\t\t\t\t\t\t\t\t\t\t<img decoding=\"async\" width=\"55\" height=\"59\" src=\"https:\/\/emeraldmedicaltourism.com\/wp-content\/uploads\/2026\/02\/Imagem_duas_pessoas.webp\" class=\"attachment-large size-large wp-image-720\" alt=\"\" \/>\t\t\t\t\t\t\t\t\t\t\t\t\t\t\t<\/div>\n\t\t\t\t<div class=\"elementor-element elementor-element-00dbfdc elementor-widget elementor-widget-heading\" data-id=\"00dbfdc\" data-element_type=\"widget\" data-e-type=\"widget\" data-widget_type=\"heading.default\">\n\t\t\t\t\t<h2 class=\"elementor-heading-title elementor-size-default\">Conexi\u00f3n con proveedores cualificados<\/h2>\t\t\t\t<\/div>\n\t\t\t\t<div class=\"elementor-element elementor-element-6fc68ee elementor-widget elementor-widget-text-editor\" data-id=\"6fc68ee\" data-element_type=\"widget\" data-e-type=\"widget\" data-widget_type=\"text-editor.default\">\n\t\t\t\t\t\t\t\t\t<p>Seleccionamos y promocionamos proveedores de salud y bienestar nacionales e internacionales, todos ellos altamente cualificados.<\/p>\t\t\t\t\t\t\t\t<\/div>\n\t\t\t\t\t<\/div>\n\t\t\t\t<\/div>\n\t\t<div class=\"elementor-element elementor-element-a1db986 e-con-full CardsQmSomos e-flex e-con e-child\" data-id=\"a1db986\" data-element_type=\"container\" data-e-type=\"container\">\n\t\t\t\t<div class=\"elementor-element elementor-element-a45979e elementor-widget elementor-widget-image\" data-id=\"a45979e\" data-element_type=\"widget\" data-e-type=\"widget\" data-widget_type=\"image.default\">\n\t\t\t\t\t\t\t\t\t\t\t\t\t\t\t<img decoding=\"async\" width=\"62\" height=\"62\" src=\"https:\/\/emeraldmedicaltourism.com\/wp-content\/uploads\/2026\/02\/material_symbols_apartment.webp\" class=\"attachment-large size-large wp-image-722\" alt=\"\" \/>\t\t\t\t\t\t\t\t\t\t\t\t\t\t\t<\/div>\n\t\t\t\t<div class=\"elementor-element elementor-element-7902a8d elementor-widget elementor-widget-heading\" data-id=\"7902a8d\" data-element_type=\"widget\" data-e-type=\"widget\" data-widget_type=\"heading.default\">\n\t\t\t\t\t<h2 class=\"elementor-heading-title elementor-size-default\">Alojamiento<\/h2>\t\t\t\t<\/div>\n\t\t\t\t<div class=\"elementor-element elementor-element-166c30a elementor-widget elementor-widget-text-editor\" data-id=\"166c30a\" data-element_type=\"widget\" data-e-type=\"widget\" data-widget_type=\"text-editor.default\">\n\t\t\t\t\t\t\t\t\t<p>Hemos seleccionado cuidadosamente opciones de alojamiento que ofrecen comodidad y confort durante toda su estancia.<\/p>\t\t\t\t\t\t\t\t<\/div>\n\t\t\t\t<\/div>\n\t\t<div class=\"elementor-element elementor-element-54c4ffd e-con-full CardsQmSomos e-flex e-con e-child\" data-id=\"54c4ffd\" data-element_type=\"container\" data-e-type=\"container\">\n\t\t\t\t<div class=\"elementor-element elementor-element-53b8a87 elementor-widget elementor-widget-image\" data-id=\"53b8a87\" data-element_type=\"widget\" data-e-type=\"widget\" data-widget_type=\"image.default\">\n\t\t\t\t\t\t\t\t\t\t\t\t\t\t\t<img decoding=\"async\" width=\"62\" height=\"62\" src=\"https:\/\/emeraldmedicaltourism.com\/wp-content\/uploads\/2026\/02\/prime_car.webp\" class=\"attachment-large size-large wp-image-721\" alt=\"\" \/>\t\t\t\t\t\t\t\t\t\t\t\t\t\t\t<\/div>\n\t\t\t\t<div class=\"elementor-element elementor-element-b2a1fe3 elementor-widget elementor-widget-heading\" data-id=\"b2a1fe3\" data-element_type=\"widget\" data-e-type=\"widget\" data-widget_type=\"heading.default\">\n\t\t\t\t\t<h2 class=\"elementor-heading-title elementor-size-default\">Actividades tur\u00edsticas<\/h2>\t\t\t\t<\/div>\n\t\t\t\t<div class=\"elementor-element elementor-element-91ada17 elementor-widget elementor-widget-text-editor\" data-id=\"91ada17\" data-element_type=\"widget\" data-e-type=\"widget\" data-widget_type=\"text-editor.default\">\n\t\t\t\t\t\t\t\t\t<p>Aproveche la oportunidad de explorar las riquezas culturales y naturales de su destino mientras cuida de su salud.<\/p>\t\t\t\t\t\t\t\t<\/div>\n\t\t\t\t<\/div>\n\t\t\t\t<\/div>\n\t\t<div class=\"elementor-element elementor-element-8348b64 e-con-full e-flex e-con e-child\" data-id=\"8348b64\" data-element_type=\"container\" data-e-type=\"container\">\n\t\t<div class=\"elementor-element elementor-element-129a2f9 e-con-full CardsQmSomos e-flex e-con e-child\" data-id=\"129a2f9\" data-element_type=\"container\" data-e-type=\"container\">\n\t\t\t\t<div class=\"elementor-element elementor-element-c87bac8 elementor-widget elementor-widget-image\" data-id=\"c87bac8\" data-element_type=\"widget\" data-e-type=\"widget\" data-widget_type=\"image.default\">\n\t\t\t\t\t\t\t\t\t\t\t\t\t\t\t<img loading=\"lazy\" decoding=\"async\" width=\"62\" height=\"62\" src=\"https:\/\/emeraldmedicaltourism.com\/wp-content\/uploads\/2026\/02\/lets_icons_road.webp\" class=\"attachment-large size-large wp-image-723\" alt=\"\" \/>\t\t\t\t\t\t\t\t\t\t\t\t\t\t\t<\/div>\n\t\t\t\t<div class=\"elementor-element elementor-element-d2991db elementor-widget elementor-widget-heading\" data-id=\"d2991db\" data-element_type=\"widget\" data-e-type=\"widget\" data-widget_type=\"heading.default\">\n\t\t\t\t\t<h2 class=\"elementor-heading-title elementor-size-default\">Transferencia y log\u00edstica<\/h2>\t\t\t\t<\/div>\n\t\t\t\t<div class=\"elementor-element elementor-element-c8be477 elementor-widget elementor-widget-text-editor\" data-id=\"c8be477\" data-element_type=\"widget\" data-e-type=\"widget\" data-widget_type=\"text-editor.default\">\n\t\t\t\t\t\t\t\t\t<p><span style=\"white-space-collapse: preserve;\">Garantizamos un transporte seguro y eficaz para que viaje tranquilo y sin preocupaciones.<\/span><\/p>\t\t\t\t\t\t\t\t<\/div>\n\t\t\t\t<\/div>\n\t\t<div class=\"elementor-element elementor-element-0a8eac2 e-con-full CardsQmSomos e-flex e-con e-child\" data-id=\"0a8eac2\" data-element_type=\"container\" data-e-type=\"container\">\n\t\t\t\t<div class=\"elementor-element elementor-element-f683567 elementor-widget elementor-widget-image\" data-id=\"f683567\" data-element_type=\"widget\" data-e-type=\"widget\" data-widget_type=\"image.default\">\n\t\t\t\t\t\t\t\t\t\t\t\t\t\t\t<img loading=\"lazy\" decoding=\"async\" width=\"62\" height=\"62\" src=\"https:\/\/emeraldmedicaltourism.com\/wp-content\/uploads\/2026\/02\/material_symbols_concierge_outline_rounded.webp\" class=\"attachment-large size-large wp-image-724\" alt=\"\" \/>\t\t\t\t\t\t\t\t\t\t\t\t\t\t\t<\/div>\n\t\t\t\t<div class=\"elementor-element elementor-element-2d03a77 elementor-widget elementor-widget-heading\" data-id=\"2d03a77\" data-element_type=\"widget\" data-e-type=\"widget\" data-widget_type=\"heading.default\">\n\t\t\t\t\t<h2 class=\"elementor-heading-title elementor-size-default\">Servicio de conserjer\u00eda<\/h2>\t\t\t\t<\/div>\n\t\t\t\t<div class=\"elementor-element elementor-element-af8b751 elementor-widget elementor-widget-text-editor\" data-id=\"af8b751\" data-element_type=\"widget\" data-e-type=\"widget\" data-widget_type=\"text-editor.default\">\n\t\t\t\t\t\t\t\t\t<p>Servicio personalizado: planificamos su itinerario, le ayudamos con los visados, seguros, consultas y apoyo durante el viaje<\/p>\t\t\t\t\t\t\t\t<\/div>\n\t\t\t\t<\/div>\n\t\t\t\t<\/div>\n\t\t\t\t<\/div>\n\t\t\t\t<\/div>\n\t\t\t\t\t<\/div>\n\t\t\t\t<\/div>\n\t\t<div class=\"elementor-element elementor-element-e273cbe e-flex e-con-boxed e-con e-parent\" data-id=\"e273cbe\" data-element_type=\"container\" data-e-type=\"container\">\n\t\t\t\t\t<div class=\"e-con-inner\">\n\t\t<div class=\"elementor-element elementor-element-59714e3 e-con-full e-flex e-con e-child\" data-id=\"59714e3\" data-element_type=\"container\" data-e-type=\"container\" data-settings=\"{&quot;background_background&quot;:&quot;classic&quot;}\">\n\t\t\t\t<div class=\"elementor-element elementor-element-6624622 elementor-widget elementor-widget-text-editor\" data-id=\"6624622\" data-element_type=\"widget\" data-e-type=\"widget\" data-widget_type=\"text-editor.default\">\n\t\t\t\t\t\t\t\t\t<p>FUNDADORES<\/p>\t\t\t\t\t\t\t\t<\/div>\n\t\t\t\t<div class=\"elementor-element elementor-element-1e7df4f elementor-widget-mobile__width-inherit elementor-widget-laptop__width-initial elementor-widget-tablet__width-initial elementor-widget__width-initial elementor-widget elementor-widget-heading\" data-id=\"1e7df4f\" data-element_type=\"widget\" data-e-type=\"widget\" data-widget_type=\"heading.default\">\n\t\t\t\t\t<h2 class=\"elementor-heading-title elementor-size-default\">Julliana Carame Estefan Ferreira<\/h2>\t\t\t\t<\/div>\n\t\t\t\t<div class=\"elementor-element elementor-element-b08d786 elementor-widget__width-initial elementor-widget-tablet__width-initial elementor-widget-mobile__width-inherit elementor-widget elementor-widget-text-editor\" data-id=\"b08d786\" data-element_type=\"widget\" data-e-type=\"widget\" data-widget_type=\"text-editor.default\">\n\t\t\t\t\t\t\t\t\t<p>Fundadora y Co-CEO, licenciada en Administraci\u00f3n de Empresas y posgraduada en Gesti\u00f3n Financiera por la Fundaci\u00f3n Getulio Vargas. Con una s\u00f3lida carrera en grandes empresas de consultor\u00eda (BIG 4), Julliana tiene una amplia experiencia en los sectores financiero, de seguros y sanitario. Su gran inter\u00e9s por el mercado sanitario la motiv\u00f3 a buscar formas de ampliar el acceso a tratamientos globales, superando las limitaciones geogr\u00e1ficas. Es la primera brasile\u00f1a en obtener la certificaci\u00f3n \u201cCertified Medical Travel Professional\u201d de Global Health Accreditation.<\/p>\t\t\t\t\t\t\t\t<\/div>\n\t\t\t\t<\/div>\n\t\t<div class=\"elementor-element elementor-element-68b6e26 e-con-full e-flex e-con e-child\" data-id=\"68b6e26\" data-element_type=\"container\" data-e-type=\"container\" data-settings=\"{&quot;background_background&quot;:&quot;classic&quot;}\">\n\t\t\t\t<div class=\"elementor-element elementor-element-f1c482d elementor-widget elementor-widget-text-editor\" data-id=\"f1c482d\" data-element_type=\"widget\" data-e-type=\"widget\" data-widget_type=\"text-editor.default\">\n\t\t\t\t\t\t\t\t\t<p>FUNDADORES<\/p>\t\t\t\t\t\t\t\t<\/div>\n\t\t\t\t<div class=\"elementor-element elementor-element-a978dfb elementor-widget-mobile__width-inherit elementor-widget-laptop__width-initial elementor-widget-tablet__width-initial elementor-widget elementor-widget-heading\" data-id=\"a978dfb\" data-element_type=\"widget\" data-e-type=\"widget\" data-widget_type=\"heading.default\">\n\t\t\t\t\t<h2 class=\"elementor-heading-title elementor-size-default\">Andr\u00e9 Carame Helito<\/h2>\t\t\t\t<\/div>\n\t\t\t\t<div class=\"elementor-element elementor-element-6cb8857 elementor-widget__width-initial elementor-widget-tablet__width-initial elementor-widget-mobile__width-inherit elementor-widget elementor-widget-text-editor\" data-id=\"6cb8857\" data-element_type=\"widget\" data-e-type=\"widget\" data-widget_type=\"text-editor.default\">\n\t\t\t\t\t\t\t\t\t<p>Fundador y Co-CEO, graduado en Administraci\u00f3n de Empresas por la Escola Superior de Propaganda e Marketing, con posgrado en M\u00e1ster en Gesti\u00f3n Empresarial, enfocado en Emprendimiento e Innovaci\u00f3n por el Insper. Con experiencia en el \u00e1rea comercial de empresas tecnol\u00f3gicas, desde 2021 Andr\u00e9 se dedica al sector de bienes de consumo, aportando innovaci\u00f3n y visi\u00f3n emprendedora a Emerald.<\/p>\t\t\t\t\t\t\t\t<\/div>\n\t\t\t\t<\/div>\n\t\t\t\t\t<\/div>\n\t\t\t\t<\/div>\n\t\t<div class=\"elementor-element elementor-element-19e19ec e-flex e-con-boxed e-con e-parent\" data-id=\"19e19ec\" data-element_type=\"container\" data-e-type=\"container\" data-settings=\"{&quot;background_background&quot;:&quot;classic&quot;}\">\n\t\t\t\t\t<div class=\"e-con-inner\">\n\t\t<div class=\"elementor-element elementor-element-b5851ce e-con-full e-flex e-con e-child\" data-id=\"b5851ce\" data-element_type=\"container\" data-e-type=\"container\">\n\t\t\t\t<\/div>\n\t\t<div class=\"elementor-element elementor-element-0f11239 e-con-full e-flex e-con e-child\" data-id=\"0f11239\" data-element_type=\"container\" data-e-type=\"container\">\n\t\t\t\t<div class=\"elementor-element elementor-element-f497c16 elementor-widget elementor-widget-heading\" data-id=\"f497c16\" data-element_type=\"widget\" data-e-type=\"widget\" data-widget_type=\"heading.default\">\n\t\t\t\t\t<h2 class=\"elementor-heading-title elementor-size-default\">Nuestra historia<\/h2>\t\t\t\t<\/div>\n\t\t\t\t<div class=\"elementor-element elementor-element-664b63c elementor-widget__width-initial elementor-widget elementor-widget-text-editor\" data-id=\"664b63c\" data-element_type=\"widget\" data-e-type=\"widget\" data-widget_type=\"text-editor.default\">\n\t\t\t\t\t\t\t\t\t<p>Emerald naci\u00f3 con la misi\u00f3n de reducir las distancias en la asistencia sanitaria haciendo accesibles los tratamientos globales a todo el mundo, independientemente de las fronteras geogr\u00e1ficas. Creemos que la salud es un viaje \u00fanico y personal, y nos comprometemos a hacerlo m\u00e1s accesible, c\u00f3modo y gratificante para todos nuestros clientes.<br \/>Nuestro equipo est\u00e1 formado por profesionales experimentados y dedicados que comparten la pasi\u00f3n por ofrecer servicios de alta calidad y una atenci\u00f3n personalizada. Desde el principio, nos hemos esforzado por ser el puente entre los clientes y los excelentes tratamientos m\u00e9dicos y de bienestar, con tranquilidad y confianza.<\/p>\t\t\t\t\t\t\t\t<\/div>\n\t\t\t\t<\/div>\n\t\t\t\t\t<\/div>\n\t\t\t\t<\/div>\n\t\t<div class=\"elementor-element elementor-element-451f15c e-flex e-con-boxed e-con e-parent\" data-id=\"451f15c\" data-element_type=\"container\" data-e-type=\"container\">\n\t\t\t\t\t<div class=\"e-con-inner\">\n\t\t<div class=\"elementor-element elementor-element-a4e896e e-con-full e-flex e-con e-child\" data-id=\"a4e896e\" data-element_type=\"container\" data-e-type=\"container\" data-settings=\"{&quot;background_background&quot;:&quot;classic&quot;}\">\n\t\t<div class=\"elementor-element elementor-element-8d3a805 e-con-full e-flex e-con e-child\" data-id=\"8d3a805\" data-element_type=\"container\" data-e-type=\"container\">\n\t\t<div class=\"elementor-element elementor-element-68c19d0 e-con-full e-flex e-con e-child\" data-id=\"68c19d0\" data-element_type=\"container\" data-e-type=\"container\">\n\t\t\t\t<div class=\"elementor-element elementor-element-ee1b253 elementor-widget__width-initial elementor-widget elementor-widget-image-box\" data-id=\"ee1b253\" data-element_type=\"widget\" data-e-type=\"widget\" data-widget_type=\"image-box.default\">\n\t\t\t\t\t<div class=\"elementor-image-box-wrapper\"><div class=\"elementor-image-box-content\"><h3 class=\"elementor-image-box-title\">\u00danase a nuestra red de socios<\/h3><p class=\"elementor-image-box-description\">Si usted es m\u00e9dico, o representa a una cl\u00ednica u hospital comprometido con la excelencia, y desea ampliar su alcance e impacto en el turismo m\u00e9dico, le invitamos a unirse a la Red Esmeralda de Turismo M\u00e9dico.<\/p><\/div><\/div>\t\t\t\t<\/div>\n\t\t\t\t<div class=\"elementor-element elementor-element-e2348ac elementor-widget elementor-widget-button\" data-id=\"e2348ac\" data-element_type=\"widget\" data-e-type=\"widget\" data-widget_type=\"button.default\">\n\t\t\t\t\t\t\t\t\t\t<a class=\"elementor-button elementor-button-link elementor-size-sm\" href=\"https:\/\/emeraldmedicaltourism.com\/es\/seja-um-parceiro\/\">\n\t\t\t\t\t\t<span class=\"elementor-button-content-wrapper\">\n\t\t\t\t\t\t\t\t\t<span class=\"elementor-button-text\">Seguir leyendo<\/span>\n\t\t\t\t\t<\/span>\n\t\t\t\t\t<\/a>\n\t\t\t\t\t\t\t\t<\/div>\n\t\t\t\t<\/div>\n\t\t<div class=\"elementor-element elementor-element-25d4336 e-con-full e-flex e-con e-child\" data-id=\"25d4336\" data-element_type=\"container\" data-e-type=\"container\">\n\t\t\t\t<\/div>\n\t\t\t\t<\/div>\n\t\t\t\t<\/div>\n\t\t\t\t\t<\/div>\n\t\t\t\t<\/div>\n\t\t\t\t<\/div>","protected":false},"excerpt":{"rendered":"<p>QUEM SOMOS Nossa miss\u00e3o \u00e9 simplificar e enriquecer o processo de busca por cuidados de sa\u00fade, conectando nossos clientes a tratamentos de excel\u00eancia em diversos locais ao redor do mundo. Oferecemos uma ampla gama de servi\u00e7os que podem ser totalmente personalizados para atender \u00e0s necessidades espec\u00edficas de cada cliente. Nossos pacotes de turismo incluem Conex\u00e3o [&hellip;]<\/p>\n","protected":false},"author":1,"featured_media":0,"parent":0,"menu_order":0,"comment_status":"closed","ping_status":"closed","template":"elementor_header_footer","meta":{"_acf_changed":false,"_joinchat":[],"footnotes":""},"class_list":["post-45","page","type-page","status-publish","hentry"],"acf":[],"_links":{"self":[{"href":"https:\/\/emeraldmedicaltourism.com\/es\/wp-json\/wp\/v2\/pages\/45","targetHints":{"allow":["GET"]}}],"collection":[{"href":"https:\/\/emeraldmedicaltourism.com\/es\/wp-json\/wp\/v2\/pages"}],"about":[{"href":"https:\/\/emeraldmedicaltourism.com\/es\/wp-json\/wp\/v2\/types\/page"}],"author":[{"embeddable":true,"href":"https:\/\/emeraldmedicaltourism.com\/es\/wp-json\/wp\/v2\/users\/1"}],"replies":[{"embeddable":true,"href":"https:\/\/emeraldmedicaltourism.com\/es\/wp-json\/wp\/v2\/comments?post=45"}],"version-history":[{"count":230,"href":"https:\/\/emeraldmedicaltourism.com\/es\/wp-json\/wp\/v2\/pages\/45\/revisions"}],"predecessor-version":[{"id":2414,"href":"https:\/\/emeraldmedicaltourism.com\/es\/wp-json\/wp\/v2\/pages\/45\/revisions\/2414"}],"wp:attachment":[{"href":"https:\/\/emeraldmedicaltourism.com\/es\/wp-json\/wp\/v2\/media?parent=45"}],"curies":[{"name":"wp","href":"https:\/\/api.w.org\/{rel}","templated":true}]}}