{"id":60,"date":"2026-01-29T14:01:18","date_gmt":"2026-01-29T17:01:18","guid":{"rendered":"https:\/\/emeraldmedicaltourism.com\/?page_id=60"},"modified":"2026-03-18T14:37:05","modified_gmt":"2026-03-18T17:37:05","slug":"why-brazil","status":"publish","type":"page","link":"https:\/\/emeraldmedicaltourism.com\/es\/why-brazil\/","title":{"rendered":"Por qu\u00e9 Brasil"},"content":{"rendered":"<div data-elementor-type=\"wp-page\" data-elementor-id=\"60\" class=\"elementor elementor-60\" data-elementor-post-type=\"page\">\n\t\t\t\t<div class=\"elementor-element elementor-element-67cb27c e-flex e-con-boxed e-con e-parent\" data-id=\"67cb27c\" data-element_type=\"container\" data-e-type=\"container\" data-settings=\"{&quot;background_background&quot;:&quot;classic&quot;}\">\n\t\t\t\t\t<div class=\"e-con-inner\">\n\t\t\t\t\t<\/div>\n\t\t\t\t<\/div>\n\t\t<div class=\"elementor-element elementor-element-45a4a75 e-flex e-con-boxed e-con e-parent\" data-id=\"45a4a75\" data-element_type=\"container\" data-e-type=\"container\">\n\t\t\t\t\t<div class=\"e-con-inner\">\n\t\t\t\t<div class=\"elementor-element elementor-element-136c2d1 elementor-widget__width-initial elementor-widget elementor-widget-heading\" data-id=\"136c2d1\" data-element_type=\"widget\" data-e-type=\"widget\" data-widget_type=\"heading.default\">\n\t\t\t\t\t<h1 class=\"elementor-heading-title elementor-size-default\">\u00bfPor qu\u00e9 Brasil es un destino l\u00edder para el turismo m\u00e9dico?<\/h1>\t\t\t\t<\/div>\n\t\t\t\t<div class=\"elementor-element elementor-element-836304e elementor-widget elementor-widget-text-editor\" data-id=\"836304e\" data-element_type=\"widget\" data-e-type=\"widget\" data-widget_type=\"text-editor.default\">\n\t\t\t\t\t\t\t\t\t<p>Brasil se ha convertido en uno de los destinos m\u00e1s atractivos para el turismo m\u00e9dico a nivel mundial, ya que combina costes competitivos, una calidad sanitaria de primer nivel y una amplia disponibilidad de tratamientos, todo ello respaldado por profesionales m\u00e9dicos altamente cualificados y una infraestructura hospitalaria moderna.<\/p>\t\t\t\t\t\t\t\t<\/div>\n\t\t\t\t\t<\/div>\n\t\t\t\t<\/div>\n\t\t<div class=\"elementor-element elementor-element-46cc05b e-flex e-con-boxed e-con e-parent\" data-id=\"46cc05b\" data-element_type=\"container\" data-e-type=\"container\">\n\t\t\t\t\t<div class=\"e-con-inner\">\n\t\t<div class=\"elementor-element elementor-element-0ad314d e-con-full e-flex e-con e-child\" data-id=\"0ad314d\" data-element_type=\"container\" data-e-type=\"container\">\n\t\t\t\t<div class=\"elementor-element elementor-element-800d542 elementor-widget elementor-widget-heading\" data-id=\"800d542\" data-element_type=\"widget\" data-e-type=\"widget\" data-widget_type=\"heading.default\">\n\t\t\t\t\t<h2 class=\"elementor-heading-title elementor-size-default\">1.Excelente relaci\u00f3n cliente-beneficio<\/h2>\t\t\t\t<\/div>\n\t\t\t\t<div class=\"elementor-element elementor-element-7894595 elementor-widget elementor-widget-text-editor\" data-id=\"7894595\" data-element_type=\"widget\" data-e-type=\"widget\" data-widget_type=\"text-editor.default\">\n\t\t\t\t\t\t\t\t\t<p><span dir=\"auto\">Uno de los principales impulsores del turismo m\u00e9dico mundial es el coste, y Brasil destaca por su excepcional relaci\u00f3n coste-beneficio.<\/span><br \/><span dir=\"auto\">Gracias a unos tipos de cambio favorables, un mercado sanitario privado altamente competitivo y unos sistemas sanitarios eficientes, los pacientes suelen descubrir que los tratamientos en Brasil pueden costar significativamente menos que en Estados Unidos o Europa, sin comprometer la calidad ni la seguridad.<\/span>.<\/p>\t\t\t\t\t\t\t\t<\/div>\n\t\t\t\t<\/div>\n\t\t<div class=\"elementor-element elementor-element-8bef570 e-con-full e-flex e-con e-child\" data-id=\"8bef570\" data-element_type=\"container\" data-e-type=\"container\">\n\t\t\t\t<div class=\"elementor-element elementor-element-3cbf485 elementor-widget elementor-widget-image\" data-id=\"3cbf485\" data-element_type=\"widget\" data-e-type=\"widget\" data-widget_type=\"image.default\">\n\t\t\t\t\t\t\t\t\t\t\t\t\t\t\t<img fetchpriority=\"high\" decoding=\"async\" width=\"654\" height=\"600\" src=\"https:\/\/emeraldmedicaltourism.com\/wp-content\/uploads\/2026\/02\/imagem-porquinho.webp\" class=\"attachment-full size-full wp-image-1159\" alt=\"\" srcset=\"https:\/\/emeraldmedicaltourism.com\/wp-content\/uploads\/2026\/02\/imagem-porquinho.webp 654w, https:\/\/emeraldmedicaltourism.com\/wp-content\/uploads\/2026\/02\/imagem-porquinho-300x275.webp 300w\" sizes=\"(max-width: 654px) 100vw, 654px\" \/>\t\t\t\t\t\t\t\t\t\t\t\t\t\t\t<\/div>\n\t\t\t\t<\/div>\n\t\t\t\t\t<\/div>\n\t\t\t\t<\/div>\n\t\t<div class=\"elementor-element elementor-element-64ebeb8 e-flex e-con-boxed e-con e-parent\" data-id=\"64ebeb8\" data-element_type=\"container\" data-e-type=\"container\">\n\t\t\t\t\t<div class=\"e-con-inner\">\n\t\t<div class=\"elementor-element elementor-element-4d3ad76 e-con-full e-flex e-con e-child\" data-id=\"4d3ad76\" data-element_type=\"container\" data-e-type=\"container\">\n\t\t\t\t<div class=\"elementor-element elementor-element-6069acd elementor-widget elementor-widget-heading\" data-id=\"6069acd\" data-element_type=\"widget\" data-e-type=\"widget\" data-widget_type=\"heading.default\">\n\t\t\t\t\t<h2 class=\"elementor-heading-title elementor-size-default\">2. Calidad de clase mundial y excelencia m\u00e9dica.<\/h2>\t\t\t\t<\/div>\n\t\t\t\t<div class=\"elementor-element elementor-element-4b08ae1 elementor-widget elementor-widget-text-editor\" data-id=\"4b08ae1\" data-element_type=\"widget\" data-e-type=\"widget\" data-widget_type=\"text-editor.default\">\n\t\t\t\t\t\t\t\t\t<p><span dir=\"auto\">Brasil es reconocido internacionalmente por la alta calidad de sus profesionales sanitarios y hospitales, especialmente en grandes ciudades como S\u00e3o Paulo.<\/span><br \/><br \/><span dir=\"auto\">Los m\u00e9dicos son altamente especializados, muchos con formaci\u00f3n internacional, y con frecuencia imparten conferencias y sesiones de capacitaci\u00f3n a profesionales de todo el mundo. Los hospitales est\u00e1n equipados con tecnolog\u00eda de vanguardia y siguen protocolos m\u00e9dicos rigurosos y est\u00e1ndares internacionales.<\/span><\/p>\t\t\t\t\t\t\t\t<\/div>\n\t\t\t\t<\/div>\n\t\t<div class=\"elementor-element elementor-element-9b38509 e-con-full e-flex e-con e-child\" data-id=\"9b38509\" data-element_type=\"container\" data-e-type=\"container\">\n\t\t\t\t<div class=\"elementor-element elementor-element-a5718cf elementor-widget elementor-widget-image\" data-id=\"a5718cf\" data-element_type=\"widget\" data-e-type=\"widget\" data-widget_type=\"image.default\">\n\t\t\t\t\t\t\t\t\t\t\t\t\t\t\t<img decoding=\"async\" width=\"655\" height=\"600\" src=\"https:\/\/emeraldmedicaltourism.com\/wp-content\/uploads\/2026\/02\/imagem_2_whyBrazil.webp\" class=\"attachment-full size-full wp-image-1164\" alt=\"\" srcset=\"https:\/\/emeraldmedicaltourism.com\/wp-content\/uploads\/2026\/02\/imagem_2_whyBrazil.webp 655w, https:\/\/emeraldmedicaltourism.com\/wp-content\/uploads\/2026\/02\/imagem_2_whyBrazil-300x275.webp 300w\" sizes=\"(max-width: 655px) 100vw, 655px\" \/>\t\t\t\t\t\t\t\t\t\t\t\t\t\t\t<\/div>\n\t\t\t\t<\/div>\n\t\t\t\t\t<\/div>\n\t\t\t\t<\/div>\n\t\t<div class=\"elementor-element elementor-element-fa3edd3 e-flex e-con-boxed e-con e-parent\" data-id=\"fa3edd3\" data-element_type=\"container\" data-e-type=\"container\">\n\t\t\t\t\t<div class=\"e-con-inner\">\n\t\t<div class=\"elementor-element elementor-element-b76effe e-con-full e-flex e-con e-child\" data-id=\"b76effe\" data-element_type=\"container\" data-e-type=\"container\">\n\t\t\t\t<div class=\"elementor-element elementor-element-f578146 elementor-widget elementor-widget-heading\" data-id=\"f578146\" data-element_type=\"widget\" data-e-type=\"widget\" data-widget_type=\"heading.default\">\n\t\t\t\t\t<h2 class=\"elementor-heading-title elementor-size-default\">3. Amplia disponibilidad de especialidades y tratamientos.<\/h2>\t\t\t\t<\/div>\n\t\t\t\t<div class=\"elementor-element elementor-element-c67bc90 elementor-widget elementor-widget-text-editor\" data-id=\"c67bc90\" data-element_type=\"widget\" data-e-type=\"widget\" data-widget_type=\"text-editor.default\">\n\t\t\t\t\t\t\t\t\t<p><span dir=\"auto\">Brasil ofrece una amplia gama de servicios m\u00e9dicos, desde atenci\u00f3n preventiva hasta tratamientos altamente complejos, que incluyen chequeos de rutina, cirug\u00eda est\u00e9tica y reconstructiva, odontolog\u00eda, ortopedia, rehabilitaci\u00f3n, cardiolog\u00eda, oncolog\u00eda, neurolog\u00eda y procedimientos quir\u00fargicos avanzados.<\/span><br \/><br \/><span dir=\"auto\">Brasil y S\u00e3o Paulo: Un centro m\u00e9dico en Am\u00e9rica Latina<\/span><br \/><span dir=\"auto\">S\u00e3o Paulo es considerada la capital m\u00e9dica de Latinoam\u00e9rica, ya que concentra hospitales de primer nivel, especialistas de renombre en todas las \u00e1reas de la medicina, acceso internacional y un s\u00f3lido ecosistema de atenci\u00f3n m\u00e9dica.<\/span><\/p>\t\t\t\t\t\t\t\t<\/div>\n\t\t\t\t<\/div>\n\t\t<div class=\"elementor-element elementor-element-708fb7b e-con-full e-flex e-con e-child\" data-id=\"708fb7b\" data-element_type=\"container\" data-e-type=\"container\">\n\t\t\t\t<div class=\"elementor-element elementor-element-c49ed12 elementor-widget elementor-widget-image\" data-id=\"c49ed12\" data-element_type=\"widget\" data-e-type=\"widget\" data-widget_type=\"image.default\">\n\t\t\t\t\t\t\t\t\t\t\t\t\t\t\t<img decoding=\"async\" width=\"655\" height=\"600\" src=\"https:\/\/emeraldmedicaltourism.com\/wp-content\/uploads\/2026\/02\/imagem_3WhyBrazil.webp\" class=\"attachment-full size-full wp-image-1168\" alt=\"\" srcset=\"https:\/\/emeraldmedicaltourism.com\/wp-content\/uploads\/2026\/02\/imagem_3WhyBrazil.webp 655w, https:\/\/emeraldmedicaltourism.com\/wp-content\/uploads\/2026\/02\/imagem_3WhyBrazil-300x275.webp 300w\" sizes=\"(max-width: 655px) 100vw, 655px\" \/>\t\t\t\t\t\t\t\t\t\t\t\t\t\t\t<\/div>\n\t\t\t\t<\/div>\n\t\t\t\t\t<\/div>\n\t\t\t\t<\/div>\n\t\t<div class=\"elementor-element elementor-element-7a1c136 e-flex e-con-boxed e-con e-parent\" data-id=\"7a1c136\" data-element_type=\"container\" data-e-type=\"container\" data-settings=\"{&quot;background_background&quot;:&quot;classic&quot;}\">\n\t\t\t\t\t<div class=\"e-con-inner\">\n\t\t<div class=\"elementor-element elementor-element-28dd6bf e-con-full e-flex e-con e-child\" data-id=\"28dd6bf\" data-element_type=\"container\" data-e-type=\"container\" data-settings=\"{&quot;background_background&quot;:&quot;classic&quot;}\">\n\t\t<div class=\"elementor-element elementor-element-95d36fc e-con-full e-flex e-con e-child\" data-id=\"95d36fc\" data-element_type=\"container\" data-e-type=\"container\" data-settings=\"{&quot;background_background&quot;:&quot;classic&quot;}\">\n\t\t<div class=\"elementor-element elementor-element-2427306 e-con-full e-flex e-con e-child\" data-id=\"2427306\" data-element_type=\"container\" data-e-type=\"container\" data-settings=\"{&quot;background_background&quot;:&quot;classic&quot;}\">\n\t\t\t\t<div class=\"elementor-element elementor-element-81a5eba elementor-widget__width-inherit elementor-widget elementor-widget-image-box\" data-id=\"81a5eba\" data-element_type=\"widget\" data-e-type=\"widget\" data-widget_type=\"image-box.default\">\n\t\t\t\t\t<div class=\"elementor-image-box-wrapper\"><div class=\"elementor-image-box-content\"><h3 class=\"elementor-image-box-title\">C\u00f3mo Emerald Medical Tourism apoya su viaje.<\/h3><p class=\"elementor-image-box-description\">Emerald Medical Tourism conecta a pacientes internacionales con m\u00e9dicos, cl\u00ednicas y hospitales de confianza, ofreciendo una planificaci\u00f3n m\u00e9dica personalizada y un apoyo log\u00edstico integral para que los pacientes puedan centrarse en su salud y recuperaci\u00f3n.<\/p><\/div><\/div>\t\t\t\t<\/div>\n\t\t\t\t<div class=\"elementor-element elementor-element-f89c14b elementor-widget elementor-widget-button\" data-id=\"f89c14b\" data-element_type=\"widget\" data-e-type=\"widget\" data-widget_type=\"button.default\">\n\t\t\t\t\t\t\t\t\t\t<a class=\"elementor-button elementor-button-link elementor-size-sm\" href=\"https:\/\/emeraldmedicaltourism.com\/es\/Contato\/\">\n\t\t\t\t\t\t<span class=\"elementor-button-content-wrapper\">\n\t\t\t\t\t\t\t\t\t<span class=\"elementor-button-text\">Cont\u00e1ctenos<\/span>\n\t\t\t\t\t<\/span>\n\t\t\t\t\t<\/a>\n\t\t\t\t\t\t\t\t<\/div>\n\t\t\t\t<\/div>\n\t\t<div class=\"elementor-element elementor-element-a6134f9 e-con-full e-flex e-con e-child\" data-id=\"a6134f9\" data-element_type=\"container\" data-e-type=\"container\" data-settings=\"{&quot;background_background&quot;:&quot;classic&quot;}\">\n\t\t\t\t<\/div>\n\t\t\t\t<\/div>\n\t\t\t\t<\/div>\n\t\t\t\t\t<\/div>\n\t\t\t\t<\/div>\n\t\t\t\t<\/div>","protected":false},"excerpt":{"rendered":"<p>Por que o Brasil \u00e9 um dos principais destinos para o turismo m\u00e9dico? O Brasil se tornou um dos destinos mais atraentes para o turismo m\u00e9dico em todo o mundo, combinando custos competitivos, qualidade de assist\u00eancia m\u00e9dica de classe mundial e ampla disponibilidade de tratamentos &#8211; tudo isso com o suporte de profissionais m\u00e9dicos altamente [&hellip;]<\/p>\n","protected":false},"author":1,"featured_media":0,"parent":0,"menu_order":0,"comment_status":"closed","ping_status":"closed","template":"elementor_header_footer","meta":{"_acf_changed":false,"_joinchat":[],"footnotes":""},"class_list":["post-60","page","type-page","status-publish","hentry"],"acf":[],"_links":{"self":[{"href":"https:\/\/emeraldmedicaltourism.com\/es\/wp-json\/wp\/v2\/pages\/60","targetHints":{"allow":["GET"]}}],"collection":[{"href":"https:\/\/emeraldmedicaltourism.com\/es\/wp-json\/wp\/v2\/pages"}],"about":[{"href":"https:\/\/emeraldmedicaltourism.com\/es\/wp-json\/wp\/v2\/types\/page"}],"author":[{"embeddable":true,"href":"https:\/\/emeraldmedicaltourism.com\/es\/wp-json\/wp\/v2\/users\/1"}],"replies":[{"embeddable":true,"href":"https:\/\/emeraldmedicaltourism.com\/es\/wp-json\/wp\/v2\/comments?post=60"}],"version-history":[{"count":91,"href":"https:\/\/emeraldmedicaltourism.com\/es\/wp-json\/wp\/v2\/pages\/60\/revisions"}],"predecessor-version":[{"id":2917,"href":"https:\/\/emeraldmedicaltourism.com\/es\/wp-json\/wp\/v2\/pages\/60\/revisions\/2917"}],"wp:attachment":[{"href":"https:\/\/emeraldmedicaltourism.com\/es\/wp-json\/wp\/v2\/media?parent=60"}],"curies":[{"name":"wp","href":"https:\/\/api.w.org\/{rel}","templated":true}]}}